{"id":7523,"date":"2025-05-01T16:23:15","date_gmt":"2025-05-01T14:23:15","guid":{"rendered":"https:\/\/mamamuscaria.com\/?page_id=7523"},"modified":"2025-10-29T13:14:22","modified_gmt":"2025-10-29T12:14:22","slug":"fliegenpilz-mikrodosierung-leseprobe","status":"publish","type":"page","link":"https:\/\/mamamuscaria.com\/fr\/fliegenpilz-mikrodosierung-leseprobe\/","title":{"rendered":"Extrait du Masterguide sur le microdosage de l&rsquo;amanite tue-mouches"},"content":{"rendered":"","protected":false},"excerpt":{"rendered":"<p>Tu as entendu parler du microdosage de l&rsquo;Amanita muscaria, mais tu ne sais pas comment t&rsquo;y prendre ? Pas de probl\u00e8me ! Le premier livre en langue fran\u00e7aise sur le microdosage de l&rsquo;amanite tue-mouches t&rsquo;explique tout ce que tu dois savoir pour un microdosage s\u00fbr et r\u00e9ussi ! Regarde tout de suite notre extrait exclusif et fais-toi ta propre id\u00e9e&#8230;   <\/p>\n","protected":false},"author":7,"featured_media":6432,"parent":0,"menu_order":0,"comment_status":"closed","ping_status":"closed","template":"","meta":{"_acf_changed":false,"footnotes":""},"class_list":["post-7523","page","type-page","status-publish","has-post-thumbnail","hentry"],"acf":[],"_links":{"self":[{"href":"https:\/\/mamamuscaria.com\/fr\/wp-json\/wp\/v2\/pages\/7523","targetHints":{"allow":["GET"]}}],"collection":[{"href":"https:\/\/mamamuscaria.com\/fr\/wp-json\/wp\/v2\/pages"}],"about":[{"href":"https:\/\/mamamuscaria.com\/fr\/wp-json\/wp\/v2\/types\/page"}],"author":[{"embeddable":true,"href":"https:\/\/mamamuscaria.com\/fr\/wp-json\/wp\/v2\/users\/7"}],"replies":[{"embeddable":true,"href":"https:\/\/mamamuscaria.com\/fr\/wp-json\/wp\/v2\/comments?post=7523"}],"version-history":[{"count":4,"href":"https:\/\/mamamuscaria.com\/fr\/wp-json\/wp\/v2\/pages\/7523\/revisions"}],"predecessor-version":[{"id":10432,"href":"https:\/\/mamamuscaria.com\/fr\/wp-json\/wp\/v2\/pages\/7523\/revisions\/10432"}],"wp:featuredmedia":[{"embeddable":true,"href":"https:\/\/mamamuscaria.com\/fr\/wp-json\/wp\/v2\/media\/6432"}],"wp:attachment":[{"href":"https:\/\/mamamuscaria.com\/fr\/wp-json\/wp\/v2\/media?parent=7523"}],"curies":[{"name":"wp","href":"https:\/\/api.w.org\/{rel}","templated":true}]}}