{"id":7509,"date":"2025-05-01T16:23:12","date_gmt":"2025-05-01T14:23:12","guid":{"rendered":"https:\/\/mamamuscaria.com\/?page_id=7509"},"modified":"2025-10-08T15:43:58","modified_gmt":"2025-10-08T13:43:58","slug":"start","status":"publish","type":"page","link":"https:\/\/mamamuscaria.com\/fr\/","title":{"rendered":"Lancement"},"content":{"rendered":"","protected":false},"excerpt":{"rendered":"<p>Manger des amanites tue-mouches ? D\u00e9couvre le pouvoir de l&rsquo;amanite tue-mouches microdos\u00e9e ! Plonge-toi avec MamaMuscaria et fais l&rsquo;exp\u00e9rience de la d\u00e9couverte de soi et du d\u00e9veloppement personnel.<\/p>\n","protected":false},"author":7,"featured_media":0,"parent":0,"menu_order":0,"comment_status":"closed","ping_status":"closed","template":"","meta":{"_acf_changed":false,"footnotes":""},"class_list":["post-7509","page","type-page","status-publish","hentry"],"acf":[],"_links":{"self":[{"href":"https:\/\/mamamuscaria.com\/fr\/wp-json\/wp\/v2\/pages\/7509","targetHints":{"allow":["GET"]}}],"collection":[{"href":"https:\/\/mamamuscaria.com\/fr\/wp-json\/wp\/v2\/pages"}],"about":[{"href":"https:\/\/mamamuscaria.com\/fr\/wp-json\/wp\/v2\/types\/page"}],"author":[{"embeddable":true,"href":"https:\/\/mamamuscaria.com\/fr\/wp-json\/wp\/v2\/users\/7"}],"replies":[{"embeddable":true,"href":"https:\/\/mamamuscaria.com\/fr\/wp-json\/wp\/v2\/comments?post=7509"}],"version-history":[{"count":3,"href":"https:\/\/mamamuscaria.com\/fr\/wp-json\/wp\/v2\/pages\/7509\/revisions"}],"predecessor-version":[{"id":12116,"href":"https:\/\/mamamuscaria.com\/fr\/wp-json\/wp\/v2\/pages\/7509\/revisions\/12116"}],"wp:attachment":[{"href":"https:\/\/mamamuscaria.com\/fr\/wp-json\/wp\/v2\/media?parent=7509"}],"curies":[{"name":"wp","href":"https:\/\/api.w.org\/{rel}","templated":true}]}}