{"id":12719,"date":"2025-10-02T14:35:55","date_gmt":"2025-10-02T12:35:55","guid":{"rendered":"https:\/\/mamamuscaria.com\/leseprobe-natuerlich-gesund-gross-werden\/"},"modified":"2025-10-06T18:01:37","modified_gmt":"2025-10-06T16:01:37","slug":"leseprobe-natuerlich-gesund-gross-werden","status":"publish","type":"page","link":"https:\/\/mamamuscaria.com\/fr\/leseprobe-natuerlich-gesund-gross-werden\/","title":{"rendered":"Echantillon de lecture Grandir naturellement en bonne sant\u00e9"},"content":{"rendered":"","protected":false},"excerpt":{"rendered":"<p>Tu as entendu parler du microdosage de l&rsquo;Amanita muscaria, mais tu ne sais pas comment t&rsquo;y prendre ? Pas de probl\u00e8me ! Le premier livre en langue fran\u00e7aise sur le microdosage de l&rsquo;amanite tue-mouches t&rsquo;explique tout ce que tu dois savoir pour un microdosage s\u00fbr et r\u00e9ussi ! Regarde tout de suite notre extrait exclusif et fais-toi ta propre id\u00e9e&#8230;   <\/p>\n","protected":false},"author":6,"featured_media":12696,"parent":0,"menu_order":0,"comment_status":"closed","ping_status":"closed","template":"","meta":{"_acf_changed":false,"footnotes":""},"class_list":["post-12719","page","type-page","status-publish","has-post-thumbnail","hentry"],"acf":[],"_links":{"self":[{"href":"https:\/\/mamamuscaria.com\/fr\/wp-json\/wp\/v2\/pages\/12719","targetHints":{"allow":["GET"]}}],"collection":[{"href":"https:\/\/mamamuscaria.com\/fr\/wp-json\/wp\/v2\/pages"}],"about":[{"href":"https:\/\/mamamuscaria.com\/fr\/wp-json\/wp\/v2\/types\/page"}],"author":[{"embeddable":true,"href":"https:\/\/mamamuscaria.com\/fr\/wp-json\/wp\/v2\/users\/6"}],"replies":[{"embeddable":true,"href":"https:\/\/mamamuscaria.com\/fr\/wp-json\/wp\/v2\/comments?post=12719"}],"version-history":[{"count":1,"href":"https:\/\/mamamuscaria.com\/fr\/wp-json\/wp\/v2\/pages\/12719\/revisions"}],"predecessor-version":[{"id":12732,"href":"https:\/\/mamamuscaria.com\/fr\/wp-json\/wp\/v2\/pages\/12719\/revisions\/12732"}],"wp:featuredmedia":[{"embeddable":true,"href":"https:\/\/mamamuscaria.com\/fr\/wp-json\/wp\/v2\/media\/12696"}],"wp:attachment":[{"href":"https:\/\/mamamuscaria.com\/fr\/wp-json\/wp\/v2\/media?parent=12719"}],"curies":[{"name":"wp","href":"https:\/\/api.w.org\/{rel}","templated":true}]}}