{"id":7511,"date":"2025-05-01T16:24:02","date_gmt":"2025-05-01T14:24:02","guid":{"rendered":"https:\/\/mamamuscaria.com\/?page_id=7511"},"modified":"2025-10-07T16:37:26","modified_gmt":"2025-10-07T14:37:26","slug":"experiencia-amanita-muscaria-microdosis","status":"publish","type":"page","link":"https:\/\/mamamuscaria.com\/es\/experiencia-amanita-muscaria-microdosis\/","title":{"rendered":"Informes de experiencias sobre microdosificaci\u00f3n de Amanita muscaria"},"content":{"rendered":"","protected":false},"excerpt":{"rendered":"<p>\u00bfQu\u00e9 hace que la microdosificaci\u00f3n de Amanita muscaria sea tan especial?<br \/>\nCada vez son m\u00e1s las personas que descubren por s\u00ed mismas el mundo de las microdosis de Amanita muscaria, y este llamativo hongo, bot\u00e1nicamente Amanita muscaria, desempe\u00f1a un papel muy especial. A diferencia de las sustancias psicoactivas cl\u00e1sicas, se le atribuye un efecto de enraizamiento y centrado que no adormece, sino que conecta. Los informes sobre sus efectos son variados: mientras que algunos hablan de una mejora de la conciencia corporal, la claridad emocional y la paz interior, otros informan de una mejor calidad del sue\u00f1o, una reducci\u00f3n de la irritabilidad o un nuevo sentido del contacto con uno mismo.  <\/p>\n","protected":false},"author":7,"featured_media":9059,"parent":0,"menu_order":0,"comment_status":"closed","ping_status":"closed","template":"","meta":{"_acf_changed":false,"footnotes":""},"class_list":["post-7511","page","type-page","status-publish","has-post-thumbnail","hentry"],"acf":[],"_links":{"self":[{"href":"https:\/\/mamamuscaria.com\/es\/wp-json\/wp\/v2\/pages\/7511","targetHints":{"allow":["GET"]}}],"collection":[{"href":"https:\/\/mamamuscaria.com\/es\/wp-json\/wp\/v2\/pages"}],"about":[{"href":"https:\/\/mamamuscaria.com\/es\/wp-json\/wp\/v2\/types\/page"}],"author":[{"embeddable":true,"href":"https:\/\/mamamuscaria.com\/es\/wp-json\/wp\/v2\/users\/7"}],"replies":[{"embeddable":true,"href":"https:\/\/mamamuscaria.com\/es\/wp-json\/wp\/v2\/comments?post=7511"}],"version-history":[{"count":6,"href":"https:\/\/mamamuscaria.com\/es\/wp-json\/wp\/v2\/pages\/7511\/revisions"}],"predecessor-version":[{"id":12661,"href":"https:\/\/mamamuscaria.com\/es\/wp-json\/wp\/v2\/pages\/7511\/revisions\/12661"}],"wp:featuredmedia":[{"embeddable":true,"href":"https:\/\/mamamuscaria.com\/es\/wp-json\/wp\/v2\/media\/9059"}],"wp:attachment":[{"href":"https:\/\/mamamuscaria.com\/es\/wp-json\/wp\/v2\/media?parent=7511"}],"curies":[{"name":"wp","href":"https:\/\/api.w.org\/{rel}","templated":true}]}}