{"id":7471,"date":"2025-05-01T16:24:05","date_gmt":"2025-05-01T14:24:05","guid":{"rendered":"https:\/\/mamamuscaria.com\/?page_id=7471"},"modified":"2025-09-22T20:28:10","modified_gmt":"2025-09-22T18:28:10","slug":"noticias-sobre-el-agarico-de-mosca","status":"publish","type":"page","link":"https:\/\/mamamuscaria.com\/es\/noticias-sobre-el-agarico-de-mosca\/","title":{"rendered":"Noticias"},"content":{"rendered":"","protected":false},"excerpt":{"rendered":"<p>Blog sobre el Ag\u00e1rico de la mosca y noticias sobre el ag\u00e1rico de la mosca<\/p>\n<p>Nuestros eventos le invitan a profundizar, a sentirse mejor y a descubrir nuevos impulsos en su camino.<br \/>\nEn esta p\u00e1gina encontrar\u00e1 informaci\u00f3n actual sobre ofertas especiales y eventos relacionados con la magia del ag\u00e1rico de mosca. Ya sean ceremonias de ag\u00e1rico de mosca en un entorno protegido, conferencias sobre microdosificaci\u00f3n, retiros, ofertas de coaching o nuevas publicaciones, aqu\u00ed te mantendremos al d\u00eda. <\/p>\n","protected":false},"author":7,"featured_media":8834,"parent":0,"menu_order":0,"comment_status":"closed","ping_status":"closed","template":"","meta":{"_acf_changed":false,"footnotes":""},"class_list":["post-7471","page","type-page","status-publish","has-post-thumbnail","hentry"],"acf":[],"_links":{"self":[{"href":"https:\/\/mamamuscaria.com\/es\/wp-json\/wp\/v2\/pages\/7471","targetHints":{"allow":["GET"]}}],"collection":[{"href":"https:\/\/mamamuscaria.com\/es\/wp-json\/wp\/v2\/pages"}],"about":[{"href":"https:\/\/mamamuscaria.com\/es\/wp-json\/wp\/v2\/types\/page"}],"author":[{"embeddable":true,"href":"https:\/\/mamamuscaria.com\/es\/wp-json\/wp\/v2\/users\/7"}],"replies":[{"embeddable":true,"href":"https:\/\/mamamuscaria.com\/es\/wp-json\/wp\/v2\/comments?post=7471"}],"version-history":[{"count":6,"href":"https:\/\/mamamuscaria.com\/es\/wp-json\/wp\/v2\/pages\/7471\/revisions"}],"predecessor-version":[{"id":12644,"href":"https:\/\/mamamuscaria.com\/es\/wp-json\/wp\/v2\/pages\/7471\/revisions\/12644"}],"wp:featuredmedia":[{"embeddable":true,"href":"https:\/\/mamamuscaria.com\/es\/wp-json\/wp\/v2\/media\/8834"}],"wp:attachment":[{"href":"https:\/\/mamamuscaria.com\/es\/wp-json\/wp\/v2\/media?parent=7471"}],"curies":[{"name":"wp","href":"https:\/\/api.w.org\/{rel}","templated":true}]}}