{"id":12717,"date":"2025-10-02T14:35:52","date_gmt":"2025-10-02T12:35:52","guid":{"rendered":"https:\/\/mamamuscaria.com\/leseprobe-natuerlich-gesund-gross-werden\/"},"modified":"2025-10-06T18:01:33","modified_gmt":"2025-10-06T16:01:33","slug":"leseprobe-natuerlich-gesund-gross-werden","status":"publish","type":"page","link":"https:\/\/mamamuscaria.com\/es\/leseprobe-natuerlich-gesund-gross-werden\/","title":{"rendered":"Muestra de lectura Crecer sano por naturaleza"},"content":{"rendered":"","protected":false},"excerpt":{"rendered":"<p>\u00bfT\u00fa tambi\u00e9n has o\u00eddo hablar sobre la microdosificaci\u00f3n de Amanita muscaria, pero no sabes c\u00f3mo empezar? No se preocupe. El primer libro en alem\u00e1n sobre microdosificaci\u00f3n de ag\u00e1rico de mosca le explica todo lo que necesita saber para una microdosificaci\u00f3n segura y satisfactoria. Eche un vistazo a nuestra exclusiva muestra de lectura y compru\u00e9belo usted mismo&#8230;   <\/p>\n","protected":false},"author":6,"featured_media":12698,"parent":0,"menu_order":0,"comment_status":"closed","ping_status":"closed","template":"","meta":{"_acf_changed":false,"footnotes":""},"class_list":["post-12717","page","type-page","status-publish","has-post-thumbnail","hentry"],"acf":[],"_links":{"self":[{"href":"https:\/\/mamamuscaria.com\/es\/wp-json\/wp\/v2\/pages\/12717","targetHints":{"allow":["GET"]}}],"collection":[{"href":"https:\/\/mamamuscaria.com\/es\/wp-json\/wp\/v2\/pages"}],"about":[{"href":"https:\/\/mamamuscaria.com\/es\/wp-json\/wp\/v2\/types\/page"}],"author":[{"embeddable":true,"href":"https:\/\/mamamuscaria.com\/es\/wp-json\/wp\/v2\/users\/6"}],"replies":[{"embeddable":true,"href":"https:\/\/mamamuscaria.com\/es\/wp-json\/wp\/v2\/comments?post=12717"}],"version-history":[{"count":1,"href":"https:\/\/mamamuscaria.com\/es\/wp-json\/wp\/v2\/pages\/12717\/revisions"}],"predecessor-version":[{"id":12730,"href":"https:\/\/mamamuscaria.com\/es\/wp-json\/wp\/v2\/pages\/12717\/revisions\/12730"}],"wp:featuredmedia":[{"embeddable":true,"href":"https:\/\/mamamuscaria.com\/es\/wp-json\/wp\/v2\/media\/12698"}],"wp:attachment":[{"href":"https:\/\/mamamuscaria.com\/es\/wp-json\/wp\/v2\/media?parent=12717"}],"curies":[{"name":"wp","href":"https:\/\/api.w.org\/{rel}","templated":true}]}}